{"id":240,"date":"2019-07-23T13:32:49","date_gmt":"2019-07-23T13:32:49","guid":{"rendered":"http:\/\/dewereldopzuid.nl\/?page_id=240"},"modified":"2019-07-23T14:40:30","modified_gmt":"2019-07-23T14:40:30","slug":"de-wereld-op-zuid","status":"publish","type":"page","link":"https:\/\/dewereldopzuid.nl\/","title":{"rendered":"De Wereld op Zuid"},"content":{"rendered":"\n<div class=\"wp-block-image\"><figure class=\"alignleft\"><img loading=\"lazy\" decoding=\"async\" width=\"300\" height=\"200\" src=\"http:\/\/dewereldopzuid.nl\/wp-content\/uploads\/2019\/07\/wereldopzuid-2908-300x200.jpg\" alt=\"\" class=\"wp-image-256\" srcset=\"https:\/\/dewereldopzuid.nl\/wp-content\/uploads\/2019\/07\/wereldopzuid-2908-300x200.jpg 300w, https:\/\/dewereldopzuid.nl\/wp-content\/uploads\/2019\/07\/wereldopzuid-2908-768x511.jpg 768w, https:\/\/dewereldopzuid.nl\/wp-content\/uploads\/2019\/07\/wereldopzuid-2908-1024x681.jpg 1024w, https:\/\/dewereldopzuid.nl\/wp-content\/uploads\/2019\/07\/wereldopzuid-2908.jpg 1600w\" sizes=\"auto, (max-width: 300px) 100vw, 300px\" \/><\/figure><\/div>\n\n\n\n<p>Wij zijn een wereld waar ieder kind de aandacht krijgt die het verdient. Een wereld waarin veiligheid en respect heel gewoon zijn. We zijn een wereld waar iedereen met elkaar samenwerkt. Een wereld waar kinderen opgroeien tot wereldburgers, die vertrouwen hebben in zichzelf en in de toekomst. Wij zijn de Wereld op Zuid!<br> <br><strong>WORDEN WIE JE BENT<\/strong><br> <br>Naar de Wereld op Zuid ga je om te groeien. Ieder kind krijgt er de kans om zichzelf te ontdekken. In de Wereld op Zuid kun je worden wie je bent. Vijf organisaties, \u00e9\u00e9n wereldteam en \u00e9\u00e9n wereldprogramma. Allemaal onder \u00e9\u00e9n dak, voor kinderen en hun ouders. Als je kunt opgroeien in zo\u2019n wereld, is het leven de moeite waard.<br> <br><strong>SAMEN MET Z\u2019N ALLEN<\/strong><br> <br>Wie wonen er in de Wereld op Zuid? De basisscholen <a href=\"http:\/\/dewereldopzuid.nl\/index.php\/home\/obs-toermalijn\/\">Toermalijn<\/a> en <a href=\"http:\/\/dewereldopzuid.nl\/index.php\/home\/de-christophoor\/\">Christophoor<\/a>, <a href=\"http:\/\/dewereldopzuid.nl\/index.php\/home\/de-rotterdamse-peuterschool\/\">Peuterschool Toermalijntje,<\/a> <a href=\"http:\/\/dewereldopzuid.nl\/index.php\/home\/ksh\/\">Kinder Service Hotels<\/a> en <a href=\"http:\/\/dewereldopzuid.nl\/index.php\/home\/ontwikkelcentum-ellemare\/\">Pameijer<\/a>. Iedereen werkt met elkaar samen. Aan hetzelfde programma. Met dezelfde instelling. Volgens dezelfde vijf kernwaarden; Groei, Kwaliteit, Veiligheid, Verbondenheid en Zelfstandigheid. Samen onder \u00e9\u00e9n dak.<br> <br><strong>DE WERELD VAN ZUIDWIJK<\/strong><br><\/p>\n\n\n\n<p>De Wereld op Zuid is er voor de kinderen en ouders van Zuidwijk. Maar ook voor de andere bewoners. Een aantal gemeenschappelijke ruimtes, zoals de sportzalen en het kooklokaal, kun je huren. Op die manier heeft iedereen in Zuidwijk er wat aan. De Wereld op Zuid is een mooi voorbeeld van wat Vestia bedoelt met goed voor je wijk zorgen. Je zou bijna zeggen een schoolvoorbeeld. Het is een complete wereld, waar kinderen niet alleen komen om feiten te leren, maar ook om te leren spelen, te leren sporten, te leren eten en te leren overleggen. Het is een wereld voor alle kinderen van 0 tot 12 jaar van &#8217;s ochtends 7 uur tot &#8217;s avonds 7 uur. Het is een wereld waar iedereen uit de wijk welkom is.<br> <br> Het is de wereld van Zuidwijk!<\/p>\n","protected":false},"excerpt":{"rendered":"<p>Wij zijn een wereld waar ieder kind de aandacht krijgt die het verdient. Een wereld waarin veiligheid en respect heel gewoon zijn. We zijn een wereld waar iedereen met elkaar samenwerkt. Een wereld waar kinderen opgroeien tot wereldburgers, die vertrouwen hebben in zichzelf en in de toekomst. Wij zijn de Wereld op Zuid! WORDEN WIE [&hellip;]<\/p>\n","protected":false},"author":1,"featured_media":0,"parent":0,"menu_order":0,"comment_status":"closed","ping_status":"closed","template":"","meta":{"footnotes":""},"class_list":["post-240","page","type-page","status-publish","hentry"],"_links":{"self":[{"href":"https:\/\/dewereldopzuid.nl\/index.php\/wp-json\/wp\/v2\/pages\/240","targetHints":{"allow":["GET"]}}],"collection":[{"href":"https:\/\/dewereldopzuid.nl\/index.php\/wp-json\/wp\/v2\/pages"}],"about":[{"href":"https:\/\/dewereldopzuid.nl\/index.php\/wp-json\/wp\/v2\/types\/page"}],"author":[{"embeddable":true,"href":"https:\/\/dewereldopzuid.nl\/index.php\/wp-json\/wp\/v2\/users\/1"}],"replies":[{"embeddable":true,"href":"https:\/\/dewereldopzuid.nl\/index.php\/wp-json\/wp\/v2\/comments?post=240"}],"version-history":[{"count":8,"href":"https:\/\/dewereldopzuid.nl\/index.php\/wp-json\/wp\/v2\/pages\/240\/revisions"}],"predecessor-version":[{"id":294,"href":"https:\/\/dewereldopzuid.nl\/index.php\/wp-json\/wp\/v2\/pages\/240\/revisions\/294"}],"wp:attachment":[{"href":"https:\/\/dewereldopzuid.nl\/index.php\/wp-json\/wp\/v2\/media?parent=240"}],"curies":[{"name":"wp","href":"https:\/\/api.w.org\/{rel}","templated":true}]}}